{"id":8,"date":"2016-03-07T20:37:04","date_gmt":"2016-03-08T01:37:04","guid":{"rendered":"http:\/\/www.colegiomurialdo.edu.ec\/web\/?page_id=8"},"modified":"2016-03-09T12:28:21","modified_gmt":"2016-03-09T17:28:21","slug":"historia","status":"publish","type":"page","link":"http:\/\/www.colegiomurialdo.edu.ec\/web\/historia\/","title":{"rendered":"Historia"},"content":{"rendered":"<p>La historia de nuestro Colegio se remonta al 20 de octubre de 1976, cuando El Centro de Formaci\u00f3n Artesanal \u201cGonz\u00e1lez Su\u00e1rez\u201d como se llam\u00f3 en ese entonces inicia su actividad, como un esfuerzo de la comunidad josefina que quiso seguir con su carisma de compromiso social.<\/p>\n<p>Desde su llegada los Padres Josefinos vinieron al Ecuador con la misi\u00f3n e inquietud de San Leonardo Murialdo que en Italia se preocup\u00f3 por la formaci\u00f3n profesional de los j\u00f3venes abandonados, de tal manera que en la ciudad de Ambato se abri\u00f3 una escuela de Artes y Oficios que formara Artesanos calificados, quienes alcanzaron fama dentro y fuera del pa\u00eds.<\/p>\n<p>Su primer Director fue el Padre Roberto Tadiello, Padre Juan Constante Superior de la comunidad josefina; los primeros profesores fueron Lic. Luis Villalva y el Lic. Jorge Cer\u00f3n, Lic. Hern\u00e1n Castro, el primer grupo estuvo compuesto por 18 alumnos y adem\u00e1s la presencia noble y generosa de la se\u00f1orita Noem\u00ed Anda Aguirre fiel colaboradora.<\/p>\n<p>Un 19 de marzo de 1977 se inicia la construcci\u00f3n de los talleres que hasta la actualidad funcionan, con la presencia de funcionarios del Consejo Provincial, de la Direcci\u00f3n de Educaci\u00f3n y amigos de la obra Josefina, el Ing. Fausto Ulloa Moya; los recursos provenientes de una donaci\u00f3n del se\u00f1or Desiderio Antonio Velarde, tra\u00eddos de Italia, as\u00ed como un equipo usado, dos tornos, una fresadora y una dobladora, son las primeras ayudas.<\/p>\n<p>Con fecha 19 de mayo de 1978 se bendice solemnemente el nuevo taller, con presencia del se\u00f1or Obispo Monse\u00f1or Vicente Cisneros, el se\u00f1or prefecto provincial Lic. Gonzalo Callejas, artesanos de Tungurahua, padres de familia y alumnos.<\/p>\n<p>Un 17 de mayo de 1980 entra en funcionamiento la nueva maquinaria donada por Monse\u00f1or, se procede a su bendici\u00f3n e inauguraci\u00f3n, era un sue\u00f1o que ve\u00edamos realizado despu\u00e9s de muchos esfuerzos y trabajo.<\/p>\n<p>El 22 de mayo de 1981, por gestiones directas del Padre Giovanni Pegoraro superior de la congregaci\u00f3n, se obtiene del presupuesto nacional por intermedio del diputado Lic. Galo Vayas Salazar la cantidad de 7 millones de sucres, lo que permiti\u00f3 con la ayuda de MISEREOR, adquirir m\u00e1s terreno y comenzar con la construcci\u00f3n del bloque para aulas, seg\u00fan el proyecto y direcci\u00f3n del Ing. Fausto Ulloa. Edificio moderno y funcional que fue bendecido en la fiesta de San Leonardo Murialdo nuestro Patrono.<\/p>\n<p>L\u00f3gicamente el Centro de Ense\u00f1anza Artesanal \u201cGonz\u00e1lez Su\u00e1rez\u201d. No podr\u00eda quedarse solo con la especialidad de Mec\u00e1nica: ya desde un par de a\u00f1os se ven\u00eda gestionando la creaci\u00f3n de la rama El\u00e9ctrica y de la Matricer\u00eda: para el efecto se pudo adquirir implementos el\u00e9ctricos y recibir ayuda del DED (Servicio Alem\u00e1n de Cooperaci\u00f3n Social T\u00e9cnica) en personal t\u00e9cnico y equipo; y las autorizaciones de estas ramas se obtienen en los a\u00f1os de 1986 y 1988 respectivamente.<\/p>\n<p>Cabe mencionar que tambi\u00e9n el Estado Ecuatoriano en el esfuerzo de implementar los Colegios T\u00e9cnicos, ha dado atenci\u00f3n a nuestro Instituto dot\u00e1ndolo, gracias a los se\u00f1ores Arq. Vicente Estrada Director de DINACE y Jefe de Equipamiento, Sr. Ing. Jos\u00e9 Utreras, de los \u00edtems de los proyectos:<\/p>\n<p>INTERMED de Alemania Democr\u00e1tica: Forja y suelda<\/p>\n<p>METRIMPEX de Hungr\u00eda: Torno y cepillo<\/p>\n<p>EMNCO de Austria: Tornos para metal y equipo de Carpinter\u00eda.<\/p>\n<p>Un 24 de junio de 1996 para dar respuesta a una necesidad territorial el Centro de Formaci\u00f3n Artesanal conscientes de dicha realidad cre\u00f3 una nueva especialidad como es Mec\u00e1nica Automotriz que esta citada en el acuerdo de funcionamiento N\u00ba 2759. La Instituci\u00f3n para esta nueva necesidad adquiri\u00f3 espacios junto a la instituci\u00f3n para satisfacer las necesidades de la nueva especialidad creando talleres y aulas necesarias para el normal desenvolvimiento.<\/p>\n<p>Mediante acuerdo aprobado el 12 de mayo del 2000 el Centro forma maestros Artesanos capacitados para el trabajo inmediato; al concluir con los estudios el alumno recibe el t\u00edtulo de Maestro Artesano en su rama, Titulo otorgado por la Junta Nacional de Defensa del Artesano y refrendado por el Ministerio de Trabajo y Recursos Humanos, y Ministerio de Educaci\u00f3n y Cultura, adem\u00e1s obtiene la aprobaci\u00f3n del ciclo b\u00e1sico exigida por la ley del Ministerio de Educaci\u00f3n, brindando la posibilidad de que puedan continuar sus estudios de bachillerato en cualquier otra instituci\u00f3n educativa.<\/p>\n<p>El 19 de julio del 2005 respondiendo a las necesidades de la sociedad, se logra la aprobaci\u00f3n del Proyecto del Ciclo Bachillerato T\u00e9cnico mediante acuerdo ministerial, transform\u00e1ndose en Colegio T\u00e9cnico Popular \u201cGonz\u00e1lez Su\u00e1rez\u201d con las especialidades de: Electromec\u00e1nica, Electr\u00f3nica, Matricer\u00eda, Mec\u00e1nica Industrial, Mec\u00e1nica Automotriz.<\/p>\n<p>El 17 de septiembre del 2006 mediante acuerdo ministerial N\u00ba 3521, se transforma el ciclo b\u00e1sico artesanal en Ciclo B\u00e1sico Popular, adem\u00e1s del cambio de nombre al de Leonardo Murialdo, para los dos ciclos, con car\u00e1cter terminal con las especialidades de: Mec\u00e1nica el\u00e9ctrica, mec\u00e1nica General y Mec\u00e1nica Automotriz.<\/p>\n<p>En la actualidad la instituci\u00f3n cuenta con 513 alumnos, tres especialidades funcionando en el bachillerato t\u00e9cnico Industrial, Matricer\u00eda, electromec\u00e1nica y Mec\u00e1nica Automotriz; En Educaci\u00f3n B\u00e1sica se imparten actividades pr\u00e1cticas en: Mec\u00e1nica el\u00e9ctrica, Mec\u00e1nica Automotriz, Mec\u00e1nica en General;\u00a0\u00a0 la poblaci\u00f3n estudiantil servida son j\u00f3venes que no logran ingresar en el nivel regular de educaci\u00f3n, que tienen problemas acad\u00e9micos, econ\u00f3micos y familiares, raz\u00f3n por la cual la sociedad demanda de que funcionen todas las especialidades aprobadas y que se atienda a la poblaci\u00f3n estudiantil que solicita los servicios de nuestra instituci\u00f3n.<\/p>\n<p>&nbsp;<\/p>\n<p style=\"text-align: center;\"><strong>RESE\u00d1A HISTORICA<\/strong><\/p>\n<p><strong>1978<\/strong><\/p>\n<p>Se autoriza mediante Acuerdo Ministerial N\u00b0 639 del 22 de marzo de 1978, el funcionamiento del Centro de Ense\u00f1anza Artesanal Gonz\u00e1lez Suarez en la rama de mec\u00e1nica general, de conformidad con el reglamento de titulaci\u00f3n de artesan\u00edas vigente.<\/p>\n<p><strong>\u00a0<\/strong><\/p>\n<p><strong>\u00a0<\/strong><\/p>\n<p><strong>\u00a0<\/strong><\/p>\n<p><strong>1986<\/strong><\/p>\n<p>Se obtienen las especialidades de Mec\u00e1nica El\u00e9ctrica y de Matricer\u00eda: para el efecto se pudo adquirir implementos el\u00e9ctricos, personal t\u00e9cnico y equipo; y las autorizaciones de estas ramas se obtienen en los a\u00f1os de 1986 y 1988 respectivamente.<\/p>\n<p><strong>1996<\/strong><\/p>\n<p>El 24 de junio de 1996 el Centro de Formaci\u00f3n Artesanal conscientes de dicha realidad cre\u00f3 una nueva especialidad como es Mec\u00e1nica Automotriz que esta citada en el acuerdo de funcionamiento N\u00ba 2759. La Instituci\u00f3n para esta nueva necesidad adquiri\u00f3 espacios junto a la instituci\u00f3n para satisfacer las necesidades de la nueva especialidad creando talleres y aulas necesarias para el normal desenvolvimiento.<\/p>\n<p><strong>2000<\/strong><\/p>\n<p>Mediante acuerdo N\u00ba 276, aprobado el 12 de mayo del 2000 el Centro de Formaci\u00f3n Artesanal Fiscomisional \u201cGonz\u00e1lez Su\u00e1rez\u201d, forma maestros Artesanos capacitados para el trabajo inmediato; al concluir con los estudios el alumno recibe el t\u00edtulo de Maestro Artesano en su rama, titulo otorgado por la Junta Nacional de Defensa del Artesano y refrendado por el Ministerio de Trabajo y Recursos Humanos, y Ministerio de Educaci\u00f3n y Cultura, adem\u00e1s obtiene la aprobaci\u00f3n del ciclo b\u00e1sico exigida por la ley del Ministerio de Educaci\u00f3n, brindando la posibilidad de que puedan continuar sus estudios de bachillerato en cualquier otra instituci\u00f3n educativa.<\/p>\n<p><strong>2005<\/strong><\/p>\n<p>El 19 de julio del 2005, se logra la aprobaci\u00f3n del Proyecto del nivel diversificado para otorgar el t\u00edtulo de Bachillerato T\u00e9cnico Industrial mediante acuerdo ministerial N\u00ba 1103 del 19 de julio del 2005, transform\u00e1ndose en Colegio T\u00e9cnico Popular Fiscomisional \u201cGonz\u00e1lez Su\u00e1rez\u201d con las especialidades de: Electromec\u00e1nica, Electr\u00f3nica, Matricer\u00eda, Mec\u00e1nica Industrial, Mec\u00e1nica Automotriz.<\/p>\n<p><strong>2006<\/strong><\/p>\n<p>El 17 de septiembre del 2006 mediante acuerdo ministerial N\u00ba 3521, se transforma el ciclo b\u00e1sico artesanal en Ciclo B\u00e1sico Popular, adem\u00e1s del cambio de nombre al de Leonardo Murialdo, para los dos ciclos, con car\u00e1cter terminal con las especialidades de: Mec\u00e1nica el\u00e9ctrica, mec\u00e1nica General y Mec\u00e1nica Automotriz, para el ciclo b\u00e1sico, manteniendo las especialidades del ciclo Diversificado aprobadas anteriormente; quedando con el nombre de Colegio T\u00e9cnico Popular Fiscomisional \u201cLeonardo Murialdo\u201d<\/p>\n<p><strong>2009<\/strong><\/p>\n<p>Se obtiene la resoluci\u00f3n N\u00ba 002 con fecha de 18 de mayo del 2009, para la autorizaci\u00f3n de funcionamiento de doble jornada, misma que posibilita un mejor uso de las instalaciones, laboratorios, talleres, dando atenci\u00f3n a la sociedad que lo requiere, especialmente de educaci\u00f3n b\u00e1sica que funciona en jornada vespertina.<\/p>\n<p>&nbsp;<\/p>\n<p><strong>2013<\/strong><\/p>\n<p>En el a\u00f1o 2013 la instituci\u00f3n cuenta con 513 alumnos, y dando cumplimiento a lo dispuesto en la Ley Org\u00e1nica de Educaci\u00f3n Intercultural (LOEI), Acuerdo Ministerial N\u00ba 306-11 del 19 de agosto del 2011, Circular N\u00ba 0001-VGE-2012 del 4 de abril del 2012; que plantea la instrumentaci\u00f3n Curricular de la Educaci\u00f3n General B\u00e1sica, pudiendo ofrecer el nivel de B\u00e1sica Superior ci\u00f1\u00e9ndose a la malla curricular vigente; Acuerdo Ministerial N\u00ba 242-11 del 5 de julio de 2011, Acuerdo Ministerial N\u00ba 307-11 del 23 de agosto de 2011; que plantea la instrumentaci\u00f3n Curricular del Bachillerato T\u00e9cnico. Tenemos tres especialidades funcionando en el Bachillerato T\u00e9cnico Popular: Electromec\u00e1nica, Mec\u00e1nica Automotriz y Matricer\u00eda. La poblaci\u00f3n estudiantil servida son j\u00f3venes y adolescentes en edad escolarizada (mayores de 15 a\u00f1os)\u00a0\u00a0 y tambi\u00e9n j\u00f3venes que no logran ingresar en diferentes instituciones especialmente fiscales, por tener bajos promedios, problemas acad\u00e9micos, de conducta, econ\u00f3micos y familiares.<\/p>\n<p>&nbsp;<\/p>\n<p><strong>2016<\/strong><\/p>\n<p>En la actualidad somos una Unidad Educativa de modalidad regular, mediante Resoluci\u00f3n Ministerial N\u00b0 361-CZ3-2015 que autoriza octavo, noveno y d\u00e9cimo a\u00f1os de Educaci\u00f3n General B\u00e1sica y tres especialidades en el bachillerato T\u00e9cnico Industrial, que son: Instalaciones Equipos y M\u00e1quinas Herramientas; Electromec\u00e1nica Automotriz; Mecanizado y Construcciones Met\u00e1licas dando apertura a gran cantidad de j\u00f3venes de educaci\u00f3n regular (en edad escolar) que buscan nuestra instituci\u00f3n por las especialidades T\u00e9cnicas que ofertamos, y el carisma propio institucional; acogi\u00e9ndose al lema josefino de <em>\u201chacer de lo ordinario algo extraordinario\u201d<\/em><\/p>\n","protected":false},"excerpt":{"rendered":"<p>La historia de nuestro Colegio se remonta al 20 de octubre de 1976, cuando El Centro de Formaci\u00f3n Artesanal \u201cGonz\u00e1lez Su\u00e1rez\u201d como se llam\u00f3 en ese entonces inicia su actividad, como un esfuerzo de la comunidad josefina que quiso seguir con su carisma de compromiso social. Desde su llegada los&#8230;<\/p>\n","protected":false},"author":1,"featured_media":0,"parent":0,"menu_order":0,"comment_status":"closed","ping_status":"closed","template":"page-sidebarright.php","meta":{"_joinchat":[],"footnotes":""},"class_list":["post-8","page","type-page","status-publish","hentry"],"_links":{"self":[{"href":"http:\/\/www.colegiomurialdo.edu.ec\/web\/wp-json\/wp\/v2\/pages\/8","targetHints":{"allow":["GET"]}}],"collection":[{"href":"http:\/\/www.colegiomurialdo.edu.ec\/web\/wp-json\/wp\/v2\/pages"}],"about":[{"href":"http:\/\/www.colegiomurialdo.edu.ec\/web\/wp-json\/wp\/v2\/types\/page"}],"author":[{"embeddable":true,"href":"http:\/\/www.colegiomurialdo.edu.ec\/web\/wp-json\/wp\/v2\/users\/1"}],"replies":[{"embeddable":true,"href":"http:\/\/www.colegiomurialdo.edu.ec\/web\/wp-json\/wp\/v2\/comments?post=8"}],"version-history":[{"count":2,"href":"http:\/\/www.colegiomurialdo.edu.ec\/web\/wp-json\/wp\/v2\/pages\/8\/revisions"}],"predecessor-version":[{"id":66,"href":"http:\/\/www.colegiomurialdo.edu.ec\/web\/wp-json\/wp\/v2\/pages\/8\/revisions\/66"}],"wp:attachment":[{"href":"http:\/\/www.colegiomurialdo.edu.ec\/web\/wp-json\/wp\/v2\/media?parent=8"}],"curies":[{"name":"wp","href":"https:\/\/api.w.org\/{rel}","templated":true}]}}