{"id":10,"date":"2016-03-07T20:37:21","date_gmt":"2016-03-08T01:37:21","guid":{"rendered":"http:\/\/www.colegiomurialdo.edu.ec\/web\/?page_id=10"},"modified":"2020-05-31T21:48:25","modified_gmt":"2020-06-01T02:48:25","slug":"mision","status":"publish","type":"page","link":"https:\/\/www.colegiomurialdo.edu.ec\/web\/mision\/","title":{"rendered":"Misi\u00f3n"},"content":{"rendered":"\n<p class=\"has-text-color has-background has-normal-font-size has-very-dark-gray-color has-luminous-vivid-amber-background-color\">Somos una Instituci\u00f3n Educativa Cat\u00f3lica que ofrece una educaci\u00f3n integral, cristo c\u00e9ntrica, de calidad y calidez. Formamos j\u00f3venes con pedagog\u00eda del amor para que sean part\u00edcipes del cambio para fortalecer el desarrollo social, econ\u00f3mico y cultural, el ejercicio de la ciudadan\u00eda y la unidad en la diversidad de la sociedad ecuatoriana; con mentalidad cr\u00edtica y de compromiso con el medio ambiente, vivenciando los valores de: amor, libertad, verdad, autonom\u00eda,fraternidad, solidaridad y participaci\u00f3n en espacio libres de violencia.<\/p>\n\n\n\n<p class=\"has-text-color has-background has-text-align-center has-medium-font-size has-vivid-red-color has-very-light-gray-background-color\"><strong>\u00abEducando el coraz\u00f3n con el Coraz\u00f3n\u201d<\/strong><\/p>\n","protected":false},"excerpt":{"rendered":"<p>Somos una Instituci\u00f3n Educativa Cat\u00f3lica que ofrece una educaci\u00f3n integral, cristo c\u00e9ntrica, de calidad y calidez. Formamos j\u00f3venes con pedagog\u00eda del amor para que sean part\u00edcipes del cambio para fortalecer el desarrollo social, econ\u00f3mico y cultural, el ejercicio de la ciudadan\u00eda y la unidad en la diversidad de la sociedad&#8230;<\/p>\n","protected":false},"author":1,"featured_media":0,"parent":0,"menu_order":0,"comment_status":"closed","ping_status":"closed","template":"","meta":{"_joinchat":[],"footnotes":""},"class_list":["post-10","page","type-page","status-publish","hentry"],"_links":{"self":[{"href":"https:\/\/www.colegiomurialdo.edu.ec\/web\/wp-json\/wp\/v2\/pages\/10","targetHints":{"allow":["GET"]}}],"collection":[{"href":"https:\/\/www.colegiomurialdo.edu.ec\/web\/wp-json\/wp\/v2\/pages"}],"about":[{"href":"https:\/\/www.colegiomurialdo.edu.ec\/web\/wp-json\/wp\/v2\/types\/page"}],"author":[{"embeddable":true,"href":"https:\/\/www.colegiomurialdo.edu.ec\/web\/wp-json\/wp\/v2\/users\/1"}],"replies":[{"embeddable":true,"href":"https:\/\/www.colegiomurialdo.edu.ec\/web\/wp-json\/wp\/v2\/comments?post=10"}],"version-history":[{"count":3,"href":"https:\/\/www.colegiomurialdo.edu.ec\/web\/wp-json\/wp\/v2\/pages\/10\/revisions"}],"predecessor-version":[{"id":234,"href":"https:\/\/www.colegiomurialdo.edu.ec\/web\/wp-json\/wp\/v2\/pages\/10\/revisions\/234"}],"wp:attachment":[{"href":"https:\/\/www.colegiomurialdo.edu.ec\/web\/wp-json\/wp\/v2\/media?parent=10"}],"curies":[{"name":"wp","href":"https:\/\/api.w.org\/{rel}","templated":true}]}}