{"id":149,"date":"2018-03-14T08:28:25","date_gmt":"2018-03-14T13:28:25","guid":{"rendered":"http:\/\/www.colegiomurialdo.edu.ec\/web\/?page_id=149"},"modified":"2020-05-31T12:28:58","modified_gmt":"2020-05-31T17:28:58","slug":"bachillerato-tecnico-industrial-en-electromecanica-automotriz","status":"publish","type":"page","link":"https:\/\/www.colegiomurialdo.edu.ec\/web\/bachillerato-tecnico-industrial-en-electromecanica-automotriz\/","title":{"rendered":"Bachillerato T\u00e9cnico Industrial en Electromec\u00e1nica Automotriz"},"content":{"rendered":"\n<p class=\"has-text-color has-background has-normal-font-size has-very-dark-gray-color has-very-light-gray-background-color\">La instituci\u00f3n prepara Bachilleres T\u00e9cnicos Industriales en tres a\u00f1os para que sean capaces de realizar operaciones de mantenimiento, montaje de accesorios y modificaciones del veh\u00edculo en el \u00e1rea de mec\u00e1nica, hidr\u00e1ulica, neum\u00e1tica y electricidad-electr\u00f3nica ajust\u00e1ndose a procedimientos y tiempos establecidos, consiguiendo la calidad requerida y en condiciones de seguridad.<\/p>\n\n\n\n<hr class=\"wp-block-separator has-text-color has-background has-vivid-cyan-blue-background-color has-vivid-cyan-blue-color\"\/>\n\n\n\n<h3 class=\"has-vivid-cyan-blue-color has-text-color wp-block-heading\"><strong>M\u00f3dulos<\/strong><\/h3>\n\n\n\n<ul class=\"wp-block-list\"><li>Motores y sus Sistemas Auxiliares<\/li><li>Tren de Rodaje: Frenos, Transmisi\u00f3n, Direcci\u00f3n y Suspensi\u00f3n<\/li><li>Sistemas El\u00e9ctricos del Veh\u00edculo<\/li><li>Sistemas de Seguridad y Confortabilidad<\/li><li>T\u00e9cnicas de Mecanizado para el Mantenimiento de Veh\u00edculos<\/li><li>Seguridad y Salud Laboral en el Mantenimiento de Veh\u00edculos<\/li><li>Dibujo T\u00e9cnico Aplicado<\/li><li>Formaci\u00f3n y Orientaci\u00f3n Laboral \u2013 FOL<\/li><li>Formaci\u00f3n en centros de trabajo &#8211; FCT<\/li><\/ul>\n\n\n\n<hr class=\"wp-block-separator has-text-color has-background has-vivid-cyan-blue-background-color has-vivid-cyan-blue-color\"\/>\n\n\n\n<p><\/p>\n","protected":false},"excerpt":{"rendered":"<p>La instituci\u00f3n prepara Bachilleres T\u00e9cnicos Industriales en tres a\u00f1os para que sean capaces de realizar operaciones de mantenimiento, montaje de accesorios y modificaciones del veh\u00edculo en el \u00e1rea de mec\u00e1nica, hidr\u00e1ulica, neum\u00e1tica y electricidad-electr\u00f3nica ajust\u00e1ndose a procedimientos y tiempos establecidos, consiguiendo la calidad requerida y en condiciones de seguridad. M\u00f3dulos&#8230;<\/p>\n","protected":false},"author":1,"featured_media":0,"parent":0,"menu_order":0,"comment_status":"closed","ping_status":"closed","template":"","meta":{"_joinchat":[],"footnotes":""},"class_list":["post-149","page","type-page","status-publish","hentry"],"_links":{"self":[{"href":"https:\/\/www.colegiomurialdo.edu.ec\/web\/wp-json\/wp\/v2\/pages\/149","targetHints":{"allow":["GET"]}}],"collection":[{"href":"https:\/\/www.colegiomurialdo.edu.ec\/web\/wp-json\/wp\/v2\/pages"}],"about":[{"href":"https:\/\/www.colegiomurialdo.edu.ec\/web\/wp-json\/wp\/v2\/types\/page"}],"author":[{"embeddable":true,"href":"https:\/\/www.colegiomurialdo.edu.ec\/web\/wp-json\/wp\/v2\/users\/1"}],"replies":[{"embeddable":true,"href":"https:\/\/www.colegiomurialdo.edu.ec\/web\/wp-json\/wp\/v2\/comments?post=149"}],"version-history":[{"count":9,"href":"https:\/\/www.colegiomurialdo.edu.ec\/web\/wp-json\/wp\/v2\/pages\/149\/revisions"}],"predecessor-version":[{"id":208,"href":"https:\/\/www.colegiomurialdo.edu.ec\/web\/wp-json\/wp\/v2\/pages\/149\/revisions\/208"}],"wp:attachment":[{"href":"https:\/\/www.colegiomurialdo.edu.ec\/web\/wp-json\/wp\/v2\/media?parent=149"}],"curies":[{"name":"wp","href":"https:\/\/api.w.org\/{rel}","templated":true}]}}