{"id":151,"date":"2018-03-14T08:30:14","date_gmt":"2018-03-14T13:30:14","guid":{"rendered":"http:\/\/www.colegiomurialdo.edu.ec\/web\/?page_id=151"},"modified":"2020-05-31T12:25:41","modified_gmt":"2020-05-31T17:25:41","slug":"bachillerato-tecnico-industrial-en-mecanizado-y-construcciones-metalicas","status":"publish","type":"page","link":"https:\/\/www.colegiomurialdo.edu.ec\/web\/bachillerato-tecnico-industrial-en-mecanizado-y-construcciones-metalicas\/","title":{"rendered":"Bachillerato T\u00e9cnico Industrial en Mecanizado y Construcciones Met\u00e1licas"},"content":{"rendered":"\n<p class=\"has-background has-normal-font-size has-very-light-gray-background-color\">La instituci\u00f3n prepara Bachilleres T\u00e9cnicos Industriales en tres a\u00f1os para que sean capaces de realizar las distintas operaciones en los procesos de mecanizado, Matricer\u00eda y de construcciones met\u00e1licas, verificando la calidad de los productos obtenidos, as\u00ed como el funcionamiento, puesta en marcha y parada de los equipos, responsabiliz\u00e1ndose del mantenimiento de primer nivel, obteniendo la producci\u00f3n en las condiciones de calidad, seguridad y plazo requeridos.<\/p>\n\n\n\n<hr class=\"wp-block-separator has-text-color has-background has-vivid-cyan-blue-background-color has-vivid-cyan-blue-color\"\/>\n\n\n\n<h2 class=\"has-vivid-cyan-blue-color has-text-color wp-block-heading\">M\u00f3dulos:<\/h2>\n\n\n\n<ul class=\"wp-block-list\"><li>Procedimientos de Mecanizado<\/li><li>Preparaci\u00f3n de M\u00e1quinas de Fabricaci\u00f3n Mec\u00e1nica<\/li><li>Fabricaci\u00f3n por Arranque de Viruta<\/li><li>Soldadura<\/li><li>Control de las Caracter\u00edsticas en Fabricaci\u00f3n Mec\u00e1nica<\/li><li>Seguridad en las Industrias de Fabricaci\u00f3n Mec\u00e1nica<\/li><li>Dibujo T\u00e9cnico Aplicado<\/li><li>Formaci\u00f3n y Orientaci\u00f3n Laboral \u2013 FOL<\/li><li>Formaci\u00f3n en centros de trabajo \u2013 FCT<\/li><\/ul>\n\n\n\n<hr class=\"wp-block-separator has-text-color has-background has-vivid-cyan-blue-background-color has-vivid-cyan-blue-color\"\/>\n","protected":false},"excerpt":{"rendered":"<p>La instituci\u00f3n prepara Bachilleres T\u00e9cnicos Industriales en tres a\u00f1os para que sean capaces de realizar las distintas operaciones en los procesos de mecanizado, Matricer\u00eda y de construcciones met\u00e1licas, verificando la calidad de los productos obtenidos, as\u00ed como el funcionamiento, puesta en marcha y parada de los equipos, responsabiliz\u00e1ndose del mantenimiento&#8230;<\/p>\n","protected":false},"author":1,"featured_media":0,"parent":0,"menu_order":0,"comment_status":"closed","ping_status":"closed","template":"","meta":{"_joinchat":[],"footnotes":""},"class_list":["post-151","page","type-page","status-publish","hentry"],"_links":{"self":[{"href":"https:\/\/www.colegiomurialdo.edu.ec\/web\/wp-json\/wp\/v2\/pages\/151","targetHints":{"allow":["GET"]}}],"collection":[{"href":"https:\/\/www.colegiomurialdo.edu.ec\/web\/wp-json\/wp\/v2\/pages"}],"about":[{"href":"https:\/\/www.colegiomurialdo.edu.ec\/web\/wp-json\/wp\/v2\/types\/page"}],"author":[{"embeddable":true,"href":"https:\/\/www.colegiomurialdo.edu.ec\/web\/wp-json\/wp\/v2\/users\/1"}],"replies":[{"embeddable":true,"href":"https:\/\/www.colegiomurialdo.edu.ec\/web\/wp-json\/wp\/v2\/comments?post=151"}],"version-history":[{"count":7,"href":"https:\/\/www.colegiomurialdo.edu.ec\/web\/wp-json\/wp\/v2\/pages\/151\/revisions"}],"predecessor-version":[{"id":204,"href":"https:\/\/www.colegiomurialdo.edu.ec\/web\/wp-json\/wp\/v2\/pages\/151\/revisions\/204"}],"wp:attachment":[{"href":"https:\/\/www.colegiomurialdo.edu.ec\/web\/wp-json\/wp\/v2\/media?parent=151"}],"curies":[{"name":"wp","href":"https:\/\/api.w.org\/{rel}","templated":true}]}}