{"id":194,"date":"2020-05-31T12:08:10","date_gmt":"2020-05-31T17:08:10","guid":{"rendered":"http:\/\/www.colegiomurialdo.edu.ec\/web\/?page_id=194"},"modified":"2020-05-31T12:26:22","modified_gmt":"2020-05-31T17:26:22","slug":"bchillerato-tecnico-industrial-en-mecatronica","status":"publish","type":"page","link":"https:\/\/www.colegiomurialdo.edu.ec\/web\/bchillerato-tecnico-industrial-en-mecatronica\/","title":{"rendered":"Bchillerato T\u00e9cnico Industrial en Mecatr\u00f3nica"},"content":{"rendered":"\n<p class=\"has-text-color has-background has-normal-font-size has-very-dark-gray-color has-very-light-gray-background-color\">La instituci\u00f3n prepara Bachilleres T\u00e9cnicos Industriales en tres a\u00f1os para que sean capaces de Dise\u00f1ar sistemas mecatr\u00f3nicos. Realizar procedimiento de instalaci\u00f3n de componentes electr\u00f3nicos, medici\u00f3n de par\u00e1metros e implementaci\u00f3n de tarjetas electr\u00f3nicas. Construir mecanismos, partes y piezas, procedimiento de manufactura ensamblaje e instalaci\u00f3n de sistemas mecatr\u00f3nicos. Realizar procedimientos de localizaci\u00f3n de aver\u00edas en equipos e instalaciones autom\u00e1ticas. Aplicar t\u00e9cnicas de programaci\u00f3n de equipos de control autom\u00e1tico (lenguajes de programaci\u00f3n para microcontroladores o PLC\u2019s).<\/p>\n\n\n\n<hr class=\"wp-block-separator has-text-color has-background has-vivid-cyan-blue-background-color has-vivid-cyan-blue-color\"\/>\n\n\n\n<h3 class=\"has-vivid-cyan-blue-color has-text-color wp-block-heading\"><strong>M\u00f3dulos<\/strong><\/h3>\n\n\n\n<ul class=\"wp-block-list\"><li>Dibujo T\u00e9cnico Aplicado<\/li><li>Procesos de Mecanizado Convencional<\/li><li>Electrotecnia<\/li><li>Electr\u00f3nica General<\/li><li>Automatismos y Cuadros El\u00e9ctricos<\/li><li>Electr\u00f3nica Digital<\/li><li>Proceso de Manufactura y CNC<\/li><li>Programaci\u00f3n<\/li><li>Sistemas Microcontrolados<\/li><li>Servomecanismos y Rob\u00f3tica<\/li><li>Automatizaci\u00f3n, PLC-Hidra\u00falica y Neum\u00e1tica<\/li><li>Simulaci\u00f3n<\/li><li>Seguridad Industrial<\/li><li>Formaci\u00f3n y Orientaci\u00f3n Laboral-FOL<\/li><li>Formaci\u00f3n en Centros de Trabajo-FCT<\/li><\/ul>\n\n\n\n<hr class=\"wp-block-separator has-text-color has-background has-vivid-cyan-blue-background-color has-vivid-cyan-blue-color\"\/>\n","protected":false},"excerpt":{"rendered":"<p>La instituci\u00f3n prepara Bachilleres T\u00e9cnicos Industriales en tres a\u00f1os para que sean capaces de Dise\u00f1ar sistemas mecatr\u00f3nicos. Realizar procedimiento de instalaci\u00f3n de componentes electr\u00f3nicos, medici\u00f3n de par\u00e1metros e implementaci\u00f3n de tarjetas electr\u00f3nicas. Construir mecanismos, partes y piezas, procedimiento de manufactura ensamblaje e instalaci\u00f3n de sistemas mecatr\u00f3nicos. Realizar procedimientos de localizaci\u00f3n&#8230;<\/p>\n","protected":false},"author":1,"featured_media":0,"parent":0,"menu_order":0,"comment_status":"closed","ping_status":"closed","template":"","meta":{"_joinchat":[],"footnotes":""},"class_list":["post-194","page","type-page","status-publish","hentry"],"_links":{"self":[{"href":"https:\/\/www.colegiomurialdo.edu.ec\/web\/wp-json\/wp\/v2\/pages\/194","targetHints":{"allow":["GET"]}}],"collection":[{"href":"https:\/\/www.colegiomurialdo.edu.ec\/web\/wp-json\/wp\/v2\/pages"}],"about":[{"href":"https:\/\/www.colegiomurialdo.edu.ec\/web\/wp-json\/wp\/v2\/types\/page"}],"author":[{"embeddable":true,"href":"https:\/\/www.colegiomurialdo.edu.ec\/web\/wp-json\/wp\/v2\/users\/1"}],"replies":[{"embeddable":true,"href":"https:\/\/www.colegiomurialdo.edu.ec\/web\/wp-json\/wp\/v2\/comments?post=194"}],"version-history":[{"count":4,"href":"https:\/\/www.colegiomurialdo.edu.ec\/web\/wp-json\/wp\/v2\/pages\/194\/revisions"}],"predecessor-version":[{"id":205,"href":"https:\/\/www.colegiomurialdo.edu.ec\/web\/wp-json\/wp\/v2\/pages\/194\/revisions\/205"}],"wp:attachment":[{"href":"https:\/\/www.colegiomurialdo.edu.ec\/web\/wp-json\/wp\/v2\/media?parent=194"}],"curies":[{"name":"wp","href":"https:\/\/api.w.org\/{rel}","templated":true}]}}